{"id":1848,"date":"2023-07-06T09:46:46","date_gmt":"2023-07-06T09:46:46","guid":{"rendered":"https:\/\/kefotostudi.com\/fotografia\/nadal\/"},"modified":"2023-07-20T10:16:46","modified_gmt":"2023-07-20T10:16:46","slug":"nadal","status":"publish","type":"page","link":"https:\/\/kefotostudi.com\/ca\/fotografia\/nadal\/","title":{"rendered":"Nadal"},"content":{"rendered":"\t\t<div data-elementor-type=\"wp-page\" data-elementor-id=\"1848\" class=\"elementor elementor-1848 elementor-927\" data-elementor-post-type=\"page\">\n\t\t\t\t\t\t<section class=\"elementor-section elementor-top-section elementor-element elementor-element-c87c034 elementor-section-full_width elementor-section-stretched elementor-section-height-default elementor-section-height-default\" data-id=\"c87c034\" data-element_type=\"section\" data-settings=\"{&quot;stretch_section&quot;:&quot;section-stretched&quot;,&quot;background_background&quot;:&quot;classic&quot;}\">\n\t\t\t\t\t\t\t<div class=\"elementor-background-overlay\"><\/div>\n\t\t\t\t\t\t\t<div class=\"elementor-container elementor-column-gap-default\">\n\t\t\t\t\t<div class=\"elementor-column elementor-col-100 elementor-top-column elementor-element elementor-element-71389bcb\" data-id=\"71389bcb\" data-element_type=\"column\">\n\t\t\t<div class=\"elementor-widget-wrap elementor-element-populated\">\n\t\t\t\t\t\t\t<\/div>\n\t\t<\/div>\n\t\t\t\t\t<\/div>\n\t\t<\/section>\n\t\t\t\t<section class=\"elementor-section elementor-top-section elementor-element elementor-element-8a4485b elementor-section-full_width elementor-section-stretched elementor-section-height-default elementor-section-height-default\" data-id=\"8a4485b\" data-element_type=\"section\" data-settings=\"{&quot;stretch_section&quot;:&quot;section-stretched&quot;}\">\n\t\t\t\t\t\t<div class=\"elementor-container elementor-column-gap-default\">\n\t\t\t\t\t<div class=\"elementor-column elementor-col-50 elementor-top-column elementor-element elementor-element-d75ec4e\" data-id=\"d75ec4e\" data-element_type=\"column\">\n\t\t\t<div class=\"elementor-widget-wrap elementor-element-populated\">\n\t\t\t\t\t\t<div class=\"elementor-element elementor-element-ca6de85 elementor-widget elementor-widget-text-editor\" data-id=\"ca6de85\" data-element_type=\"widget\" data-settings=\"{&quot;ekit_we_effect_on&quot;:&quot;none&quot;}\" data-widget_type=\"text-editor.default\">\n\t\t\t\t<div class=\"elementor-widget-container\">\n\t\t\t\t\t\t\t\t\t<p>Celebra la m\u00e0gia del Nadal amb les nostres sessions fotogr\u00e0fiques especials! Capturarem moments plens de joia, amor i esperit nadalenc. Immortalitza els teus records m\u00e9s preats i crea targetes de felicitaci\u00f3 \u00faniques amb les nostres fotos nadalenques. Fes aquesta temporada un moment inoblidable!<\/p>\n\t\t\t\t\t\t\t\t<\/div>\n\t\t\t\t<\/div>\n\t\t\t\t\t<\/div>\n\t\t<\/div>\n\t\t\t\t<div class=\"elementor-column elementor-col-50 elementor-top-column elementor-element elementor-element-fa76227\" data-id=\"fa76227\" data-element_type=\"column\">\n\t\t\t<div class=\"elementor-widget-wrap elementor-element-populated\">\n\t\t\t\t\t\t<div class=\"elementor-element elementor-element-d14eae8 e-transform elementor-widget elementor-widget-image\" data-id=\"d14eae8\" data-element_type=\"widget\" data-settings=\"{&quot;_transform_rotateZ_effect&quot;:{&quot;unit&quot;:&quot;px&quot;,&quot;size&quot;:-8,&quot;sizes&quot;:[]},&quot;ekit_we_effect_on&quot;:&quot;none&quot;,&quot;_transform_rotateZ_effect_tablet&quot;:{&quot;unit&quot;:&quot;deg&quot;,&quot;size&quot;:&quot;&quot;,&quot;sizes&quot;:[]},&quot;_transform_rotateZ_effect_mobile&quot;:{&quot;unit&quot;:&quot;deg&quot;,&quot;size&quot;:&quot;&quot;,&quot;sizes&quot;:[]}}\" data-widget_type=\"image.default\">\n\t\t\t\t<div class=\"elementor-widget-container\">\n\t\t\t\t\t\t\t\t\t\t\t\t\t\t\t<img fetchpriority=\"high\" decoding=\"async\" width=\"600\" height=\"428\" src=\"https:\/\/kefotostudi.com\/wp-content\/uploads\/2023\/07\/navidad-4-1.jpg\" class=\"attachment-large size-large wp-image-933\" alt=\"\" srcset=\"https:\/\/kefotostudi.com\/wp-content\/uploads\/2023\/07\/navidad-4-1.jpg 600w, https:\/\/kefotostudi.com\/wp-content\/uploads\/2023\/07\/navidad-4-1-300x214.jpg 300w\" sizes=\"(max-width: 600px) 100vw, 600px\" \/>\t\t\t\t\t\t\t\t\t\t\t\t\t\t\t<\/div>\n\t\t\t\t<\/div>\n\t\t\t\t\t<\/div>\n\t\t<\/div>\n\t\t\t\t\t<\/div>\n\t\t<\/section>\n\t\t\t\t<section class=\"elementor-section elementor-top-section elementor-element elementor-element-b575fee elementor-section-full_width elementor-section-stretched elementor-section-height-default elementor-section-height-default\" data-id=\"b575fee\" data-element_type=\"section\" data-settings=\"{&quot;stretch_section&quot;:&quot;section-stretched&quot;}\">\n\t\t\t\t\t\t<div class=\"elementor-container elementor-column-gap-default\">\n\t\t\t\t\t<div class=\"elementor-column elementor-col-100 elementor-top-column elementor-element elementor-element-85e4421\" data-id=\"85e4421\" data-element_type=\"column\">\n\t\t\t<div class=\"elementor-widget-wrap elementor-element-populated\">\n\t\t\t\t\t\t<div class=\"elementor-element elementor-element-ab6ee89 elementor-widget elementor-widget-g-gallery\" data-id=\"ab6ee89\" data-element_type=\"widget\" data-settings=\"{&quot;ekit_we_effect_on&quot;:&quot;none&quot;}\" data-widget_type=\"g-gallery.default\">\n\t\t\t\t<div class=\"elementor-widget-container\">\n\t\t\t\t\t<div id=\"69e1a5ad59260\" class=\"gg_gallery_wrap gg_true_gallery gg_masonry_gallery gid_1377 gg_hidden_ol gg_ol_bottom_mode gg_main_ol_show_on_h \" data-col-num=\"3\" data-gid=\"1377\" data-nores-txt=\"No images found\">              <div class=\"gg_loader\">            <div class=\"ggl_1\"><\/div>            <div class=\"ggl_2\"><\/div>            <div class=\"ggl_3\"><\/div>            <div class=\"ggl_4\"><\/div>        <\/div>  <div class=\"gg_container\"><div class=\"gg_img \" data-gg-url=\"https:\/\/kefotostudi.com\/wp-content\/uploads\/2023\/07\/navidad-6.jpg\" data-gg-title=\"\" data-gg-author=\"\" data-gg-descr=\"\" data-gg-tags=\"\" data-img-id=\"0\" data-gid=\"1377\">  <div class=\"gg_img_inner\"><div class=\"gg_main_img_wrap\"><div class=\"gg_img_wrap_inner\"><img decoding=\"async\" src=\"\" data-gg-lazy-src=\"https:\/\/kefotostudi.com\/wp-content\/plugins\/global-gallery\/classes\/timthumb.php?src=https:\/\/kefotostudi.com\/wp-content\/uploads\/2023\/07\/navidad-6.jpg&amp;w=706&amp;h=0&amp;a=c&amp;q=90&amp;zc=1&amp;cc=FFFFFF\" alt=\"\" class=\"gg_photo gg_main_thumb\" \/><noscript><img decoding=\"async\" src=\"https:\/\/kefotostudi.com\/wp-content\/uploads\/2023\/07\/navidad-6.jpg\" alt=\"\" \/><\/noscript><\/div><\/div><div class=\"gg_overlays\"><\/div><\/div><\/div><div class=\"gg_img \" data-gg-url=\"https:\/\/kefotostudi.com\/wp-content\/uploads\/2023\/07\/navidad-5.jpg\" data-gg-title=\"\" data-gg-author=\"\" data-gg-descr=\"\" data-gg-tags=\"\" data-img-id=\"1\" data-gid=\"1377\">  <div class=\"gg_img_inner\"><div class=\"gg_main_img_wrap\"><div class=\"gg_img_wrap_inner\"><img decoding=\"async\" src=\"\" data-gg-lazy-src=\"https:\/\/kefotostudi.com\/wp-content\/plugins\/global-gallery\/classes\/timthumb.php?src=https:\/\/kefotostudi.com\/wp-content\/uploads\/2023\/07\/navidad-5.jpg&amp;w=706&amp;h=0&amp;a=c&amp;q=90&amp;zc=1&amp;cc=FFFFFF\" alt=\"\" class=\"gg_photo gg_main_thumb\" \/><noscript><img decoding=\"async\" src=\"https:\/\/kefotostudi.com\/wp-content\/uploads\/2023\/07\/navidad-5.jpg\" alt=\"\" \/><\/noscript><\/div><\/div><div class=\"gg_overlays\"><\/div><\/div><\/div><div class=\"gg_img \" data-gg-url=\"https:\/\/kefotostudi.com\/wp-content\/uploads\/2023\/07\/navidad-4-2.jpg\" data-gg-title=\"\" data-gg-author=\"\" data-gg-descr=\"\" data-gg-tags=\"\" data-img-id=\"2\" data-gid=\"1377\">  <div class=\"gg_img_inner\"><div class=\"gg_main_img_wrap\"><div class=\"gg_img_wrap_inner\"><img decoding=\"async\" src=\"\" data-gg-lazy-src=\"https:\/\/kefotostudi.com\/wp-content\/plugins\/global-gallery\/classes\/timthumb.php?src=https:\/\/kefotostudi.com\/wp-content\/uploads\/2023\/07\/navidad-4-2.jpg&amp;w=706&amp;h=0&amp;a=c&amp;q=90&amp;zc=1&amp;cc=FFFFFF\" alt=\"\" class=\"gg_photo gg_main_thumb\" \/><noscript><img decoding=\"async\" src=\"https:\/\/kefotostudi.com\/wp-content\/uploads\/2023\/07\/navidad-4-2.jpg\" alt=\"\" \/><\/noscript><\/div><\/div><div class=\"gg_overlays\"><\/div><\/div><\/div><div class=\"gg_img \" data-gg-url=\"https:\/\/kefotostudi.com\/wp-content\/uploads\/2023\/07\/navidad-3-2.jpg\" data-gg-title=\"\" data-gg-author=\"\" data-gg-descr=\"\" data-gg-tags=\"\" data-img-id=\"3\" data-gid=\"1377\">  <div class=\"gg_img_inner\"><div class=\"gg_main_img_wrap\"><div class=\"gg_img_wrap_inner\"><img decoding=\"async\" src=\"\" data-gg-lazy-src=\"https:\/\/kefotostudi.com\/wp-content\/plugins\/global-gallery\/classes\/timthumb.php?src=https:\/\/kefotostudi.com\/wp-content\/uploads\/2023\/07\/navidad-3-2.jpg&amp;w=706&amp;h=0&amp;a=c&amp;q=90&amp;zc=1&amp;cc=FFFFFF\" alt=\"\" class=\"gg_photo gg_main_thumb\" \/><noscript><img decoding=\"async\" src=\"https:\/\/kefotostudi.com\/wp-content\/uploads\/2023\/07\/navidad-3-2.jpg\" alt=\"\" \/><\/noscript><\/div><\/div><div class=\"gg_overlays\"><\/div><\/div><\/div><div class=\"gg_img \" data-gg-url=\"https:\/\/kefotostudi.com\/wp-content\/uploads\/2023\/07\/navidad-2-2.jpg\" data-gg-title=\"\" data-gg-author=\"\" data-gg-descr=\"\" data-gg-tags=\"\" data-img-id=\"4\" data-gid=\"1377\">  <div class=\"gg_img_inner\"><div class=\"gg_main_img_wrap\"><div class=\"gg_img_wrap_inner\"><img decoding=\"async\" src=\"\" data-gg-lazy-src=\"https:\/\/kefotostudi.com\/wp-content\/plugins\/global-gallery\/classes\/timthumb.php?src=https:\/\/kefotostudi.com\/wp-content\/uploads\/2023\/07\/navidad-2-2.jpg&amp;w=706&amp;h=0&amp;a=c&amp;q=90&amp;zc=1&amp;cc=FFFFFF\" alt=\"\" class=\"gg_photo gg_main_thumb\" \/><noscript><img decoding=\"async\" src=\"https:\/\/kefotostudi.com\/wp-content\/uploads\/2023\/07\/navidad-2-2.jpg\" alt=\"\" \/><\/noscript><\/div><\/div><div class=\"gg_overlays\"><\/div><\/div><\/div><div class=\"gg_img \" data-gg-url=\"https:\/\/kefotostudi.com\/wp-content\/uploads\/2023\/07\/navidad-1-2.jpg\" data-gg-title=\"\" data-gg-author=\"\" data-gg-descr=\"\" data-gg-tags=\"\" data-img-id=\"5\" data-gid=\"1377\">  <div class=\"gg_img_inner\"><div class=\"gg_main_img_wrap\"><div class=\"gg_img_wrap_inner\"><img decoding=\"async\" src=\"\" data-gg-lazy-src=\"https:\/\/kefotostudi.com\/wp-content\/plugins\/global-gallery\/classes\/timthumb.php?src=https:\/\/kefotostudi.com\/wp-content\/uploads\/2023\/07\/navidad-1-2.jpg&amp;w=706&amp;h=0&amp;a=c&amp;q=90&amp;zc=1&amp;cc=FFFFFF\" alt=\"\" class=\"gg_photo gg_main_thumb\" \/><noscript><img decoding=\"async\" src=\"https:\/\/kefotostudi.com\/wp-content\/uploads\/2023\/07\/navidad-1-2.jpg\" alt=\"\" \/><\/noscript><\/div><\/div><div class=\"gg_overlays\"><\/div><\/div><\/div><\/div><div style=\"clear: both;\"><\/div><\/div><script type=\"text\/javascript\">     (function() {         \"use strict\";              const intval = setInterval(() => {            if(typeof(jQuery) == \"undefined\" || typeof(gg_galleries_init) == \"undefined\") {                return true;            }            else {                clearTimeout(intval);                            const $ = jQuery;                gg_galleries_init(\"69e1a5ad59260\");            }        }, 50);    })();<\/script>\t\t\t\t<\/div>\n\t\t\t\t<\/div>\n\t\t\t\t\t<\/div>\n\t\t<\/div>\n\t\t\t\t\t<\/div>\n\t\t<\/section>\n\t\t\t\t<section class=\"elementor-section elementor-top-section elementor-element elementor-element-6b451c75 elementor-section-boxed elementor-section-height-default elementor-section-height-default\" data-id=\"6b451c75\" data-element_type=\"section\" data-settings=\"{&quot;background_background&quot;:&quot;classic&quot;}\">\n\t\t\t\t\t\t\t<div class=\"elementor-background-overlay\"><\/div>\n\t\t\t\t\t\t\t<div class=\"elementor-container elementor-column-gap-default\">\n\t\t\t\t\t<div class=\"elementor-column elementor-col-100 elementor-top-column elementor-element elementor-element-24fd6eb2\" data-id=\"24fd6eb2\" data-element_type=\"column\">\n\t\t\t<div class=\"elementor-widget-wrap elementor-element-populated\">\n\t\t\t\t\t\t<div class=\"elementor-element elementor-element-226a7592 elementor-widget elementor-widget-elementskit-heading\" data-id=\"226a7592\" data-element_type=\"widget\" data-settings=\"{&quot;ekit_we_effect_on&quot;:&quot;none&quot;}\" data-widget_type=\"elementskit-heading.default\">\n\t\t\t\t<div class=\"elementor-widget-container\">\n\t\t\t\t\t<div class=\"ekit-wid-con\" ><div class=\"ekit-heading elementskit-section-title-wraper text_center   ekit_heading_tablet-   ekit_heading_mobile-\"><h2 class=\"ekit-heading--title elementskit-section-title \">Viu la m\u00e0gia del Nadal amb nosaltres! Celebra aquesta temporada especial reservant els nostres serveis i gaudeix de moments inoblidables al costat dels teus \u00e9ssers estimats. Fes aquest Nadal un veritable somni fet realitat!<\/h2><\/div><\/div>\t\t\t\t<\/div>\n\t\t\t\t<\/div>\n\t\t\t\t<div class=\"elementor-element elementor-element-318066c elementor-align-center elementor-widget elementor-widget-button\" data-id=\"318066c\" data-element_type=\"widget\" data-settings=\"{&quot;ekit_we_effect_on&quot;:&quot;none&quot;}\" data-widget_type=\"button.default\">\n\t\t\t\t<div class=\"elementor-widget-container\">\n\t\t\t\t\t\t\t\t\t<div class=\"elementor-button-wrapper\">\n\t\t\t\t\t<a class=\"elementor-button elementor-button-link elementor-size-sm\" href=\"https:\/\/kefotostudi.com\/ca\/contacte\/\">\n\t\t\t\t\t\t<span class=\"elementor-button-content-wrapper\">\n\t\t\t\t\t\t\t\t\t<span class=\"elementor-button-text\">Contacta'ns<\/span>\n\t\t\t\t\t<\/span>\n\t\t\t\t\t<\/a>\n\t\t\t\t<\/div>\n\t\t\t\t\t\t\t\t<\/div>\n\t\t\t\t<\/div>\n\t\t\t\t\t<\/div>\n\t\t<\/div>\n\t\t\t\t\t<\/div>\n\t\t<\/section>\n\t\t\t\t<\/div>\n\t\t","protected":false},"excerpt":{"rendered":"<p>Celebra la m\u00e0gia del Nadal amb les nostres sessions fotogr\u00e0fiques especials! Capturarem moments plens de joia, amor i esperit nadalenc. Immortalitza els teus records m\u00e9s preats i crea targetes de felicitaci\u00f3 \u00faniques amb les nostres fotos nadalenques. Fes aquesta temporada un moment inoblidable! Viu la m\u00e0gia del Nadal amb nosaltres! Celebra aquesta temporada especial reservant [&hellip;]<\/p>\n","protected":false},"author":1,"featured_media":0,"parent":1800,"menu_order":0,"comment_status":"closed","ping_status":"closed","template":"elementor_header_footer","meta":{"footnotes":""},"class_list":["post-1848","page","type-page","status-publish","hentry"],"_links":{"self":[{"href":"https:\/\/kefotostudi.com\/ca\/wp-json\/wp\/v2\/pages\/1848","targetHints":{"allow":["GET"]}}],"collection":[{"href":"https:\/\/kefotostudi.com\/ca\/wp-json\/wp\/v2\/pages"}],"about":[{"href":"https:\/\/kefotostudi.com\/ca\/wp-json\/wp\/v2\/types\/page"}],"author":[{"embeddable":true,"href":"https:\/\/kefotostudi.com\/ca\/wp-json\/wp\/v2\/users\/1"}],"replies":[{"embeddable":true,"href":"https:\/\/kefotostudi.com\/ca\/wp-json\/wp\/v2\/comments?post=1848"}],"version-history":[{"count":1,"href":"https:\/\/kefotostudi.com\/ca\/wp-json\/wp\/v2\/pages\/1848\/revisions"}],"predecessor-version":[{"id":1849,"href":"https:\/\/kefotostudi.com\/ca\/wp-json\/wp\/v2\/pages\/1848\/revisions\/1849"}],"up":[{"embeddable":true,"href":"https:\/\/kefotostudi.com\/ca\/wp-json\/wp\/v2\/pages\/1800"}],"wp:attachment":[{"href":"https:\/\/kefotostudi.com\/ca\/wp-json\/wp\/v2\/media?parent=1848"}],"curies":[{"name":"wp","href":"https:\/\/api.w.org\/{rel}","templated":true}]}}