{"id":1838,"date":"2023-06-13T16:23:30","date_gmt":"2023-06-13T16:23:30","guid":{"rendered":"https:\/\/kefotostudi.com\/fotografia\/familiar-juvenil-i-nadons\/"},"modified":"2023-07-20T10:07:23","modified_gmt":"2023-07-20T10:07:23","slug":"familiar-juvenil-i-nadons","status":"publish","type":"page","link":"https:\/\/kefotostudi.com\/ca\/fotografia\/familiar-juvenil-i-nadons\/","title":{"rendered":"Familiar, Juvenil i nadons"},"content":{"rendered":"\t\t<div data-elementor-type=\"wp-page\" data-elementor-id=\"1838\" class=\"elementor elementor-1838 elementor-539\" data-elementor-post-type=\"page\">\n\t\t\t\t\t\t<section class=\"elementor-section elementor-top-section elementor-element elementor-element-c87c034 elementor-section-full_width elementor-section-stretched elementor-section-height-default elementor-section-height-default\" data-id=\"c87c034\" data-element_type=\"section\" data-settings=\"{&quot;stretch_section&quot;:&quot;section-stretched&quot;,&quot;background_background&quot;:&quot;classic&quot;}\">\n\t\t\t\t\t\t\t<div class=\"elementor-background-overlay\"><\/div>\n\t\t\t\t\t\t\t<div class=\"elementor-container elementor-column-gap-default\">\n\t\t\t\t\t<div class=\"elementor-column elementor-col-100 elementor-top-column elementor-element elementor-element-71389bcb\" data-id=\"71389bcb\" data-element_type=\"column\">\n\t\t\t<div class=\"elementor-widget-wrap elementor-element-populated\">\n\t\t\t\t\t\t<div class=\"elementor-element elementor-element-48a9c587 elementor-widget elementor-widget-heading\" data-id=\"48a9c587\" data-element_type=\"widget\" data-settings=\"{&quot;ekit_we_effect_on&quot;:&quot;none&quot;}\" data-widget_type=\"heading.default\">\n\t\t\t\t<div class=\"elementor-widget-container\">\n\t\t\t\t\t<h2 class=\"elementor-heading-title elementor-size-default\">Familiar, Juvenil i nadons<\/h2>\t\t\t\t<\/div>\n\t\t\t\t<\/div>\n\t\t\t\t\t<\/div>\n\t\t<\/div>\n\t\t\t\t\t<\/div>\n\t\t<\/section>\n\t\t\t\t<section class=\"elementor-section elementor-top-section elementor-element elementor-element-8a4485b elementor-section-full_width elementor-section-stretched elementor-section-height-default elementor-section-height-default\" data-id=\"8a4485b\" data-element_type=\"section\" data-settings=\"{&quot;stretch_section&quot;:&quot;section-stretched&quot;}\">\n\t\t\t\t\t\t<div class=\"elementor-container elementor-column-gap-default\">\n\t\t\t\t\t<div class=\"elementor-column elementor-col-50 elementor-top-column elementor-element elementor-element-d75ec4e\" data-id=\"d75ec4e\" data-element_type=\"column\">\n\t\t\t<div class=\"elementor-widget-wrap elementor-element-populated\">\n\t\t\t\t\t\t<div class=\"elementor-element elementor-element-ca6de85 elementor-widget elementor-widget-text-editor\" data-id=\"ca6de85\" data-element_type=\"widget\" data-settings=\"{&quot;ekit_we_effect_on&quot;:&quot;none&quot;}\" data-widget_type=\"text-editor.default\">\n\t\t\t\t<div class=\"elementor-widget-container\">\n\t\t\t\t\t\t\t\t\t<p>Capturant moments preciosos per a tota la fam\u00edlia! El nostre servei de fotografia familiar, juvenil i nadons s&#8217;especialitza en capturar la bellesa i l&#8217;ess\u00e8ncia de cada etapa de la vida.<\/p>\n<p>Des de les rialles i entremaliadures dels m\u00e9s petits fins als lla\u00e7os afectius entre pares i fills, immortalitzem records que duraran tota la vida. Amb un enfocament c\u00e0lid i professional, creem imatges aut\u00e8ntiques i emotives que reflecteixen la connexi\u00f3 i amor familiar.<\/p>\n<p>Confia en nosaltres per capturar els moments m\u00e9s bonics de la teva fam\u00edlia.<\/p>\n\t\t\t\t\t\t\t\t<\/div>\n\t\t\t\t<\/div>\n\t\t\t\t\t<\/div>\n\t\t<\/div>\n\t\t\t\t<div class=\"elementor-column elementor-col-50 elementor-top-column elementor-element elementor-element-fa76227\" data-id=\"fa76227\" data-element_type=\"column\">\n\t\t\t<div class=\"elementor-widget-wrap elementor-element-populated\">\n\t\t\t\t\t\t<div class=\"elementor-element elementor-element-d14eae8 e-transform elementor-widget elementor-widget-image\" data-id=\"d14eae8\" data-element_type=\"widget\" data-settings=\"{&quot;_transform_rotateZ_effect&quot;:{&quot;unit&quot;:&quot;px&quot;,&quot;size&quot;:-8,&quot;sizes&quot;:[]},&quot;ekit_we_effect_on&quot;:&quot;none&quot;,&quot;_transform_rotateZ_effect_tablet&quot;:{&quot;unit&quot;:&quot;deg&quot;,&quot;size&quot;:&quot;&quot;,&quot;sizes&quot;:[]},&quot;_transform_rotateZ_effect_mobile&quot;:{&quot;unit&quot;:&quot;deg&quot;,&quot;size&quot;:&quot;&quot;,&quot;sizes&quot;:[]}}\" data-widget_type=\"image.default\">\n\t\t\t\t<div class=\"elementor-widget-container\">\n\t\t\t\t\t\t\t\t\t\t\t\t\t\t\t<img fetchpriority=\"high\" decoding=\"async\" width=\"800\" height=\"451\" src=\"https:\/\/kefotostudi.com\/wp-content\/uploads\/2023\/06\/juvenil2-1024x577.jpg\" class=\"attachment-large size-large wp-image-545\" alt=\"\" srcset=\"https:\/\/kefotostudi.com\/wp-content\/uploads\/2023\/06\/juvenil2-1024x577.jpg 1024w, https:\/\/kefotostudi.com\/wp-content\/uploads\/2023\/06\/juvenil2-300x169.jpg 300w, https:\/\/kefotostudi.com\/wp-content\/uploads\/2023\/06\/juvenil2-768x433.jpg 768w, https:\/\/kefotostudi.com\/wp-content\/uploads\/2023\/06\/juvenil2-1536x865.jpg 1536w, https:\/\/kefotostudi.com\/wp-content\/uploads\/2023\/06\/juvenil2.jpg 1640w\" sizes=\"(max-width: 800px) 100vw, 800px\" \/>\t\t\t\t\t\t\t\t\t\t\t\t\t\t\t<\/div>\n\t\t\t\t<\/div>\n\t\t\t\t\t<\/div>\n\t\t<\/div>\n\t\t\t\t\t<\/div>\n\t\t<\/section>\n\t\t\t\t<section class=\"elementor-section elementor-top-section elementor-element elementor-element-b575fee elementor-section-full_width elementor-section-stretched elementor-section-height-default elementor-section-height-default\" data-id=\"b575fee\" data-element_type=\"section\" data-settings=\"{&quot;stretch_section&quot;:&quot;section-stretched&quot;}\">\n\t\t\t\t\t\t<div class=\"elementor-container elementor-column-gap-default\">\n\t\t\t\t\t<div class=\"elementor-column elementor-col-100 elementor-top-column elementor-element elementor-element-85e4421\" data-id=\"85e4421\" data-element_type=\"column\">\n\t\t\t<div class=\"elementor-widget-wrap elementor-element-populated\">\n\t\t\t\t\t\t<div class=\"elementor-element elementor-element-ca62603 elementor-widget elementor-widget-g-gallery\" data-id=\"ca62603\" data-element_type=\"widget\" data-settings=\"{&quot;ekit_we_effect_on&quot;:&quot;none&quot;}\" data-widget_type=\"g-gallery.default\">\n\t\t\t\t<div class=\"elementor-widget-container\">\n\t\t\t\t\t<div id=\"69e18b484af98\" class=\"gg_gallery_wrap gg_true_gallery gg_masonry_gallery gid_1295 gg_hidden_ol gg_ol_bottom_mode gg_main_ol_show_on_h \" data-col-num=\"3\" data-gid=\"1295\" data-nores-txt=\"No images found\">              <div class=\"gg_loader\">            <div class=\"ggl_1\"><\/div>            <div class=\"ggl_2\"><\/div>            <div class=\"ggl_3\"><\/div>            <div class=\"ggl_4\"><\/div>        <\/div>  <div class=\"gg_container\"><div class=\"gg_img \" data-gg-url=\"https:\/\/kefotostudi.com\/wp-content\/uploads\/2023\/07\/15.jpg\" data-gg-title=\"\" data-gg-author=\"\" data-gg-descr=\"\" data-gg-tags=\"\" data-img-id=\"0\" data-gid=\"1295\">  <div class=\"gg_img_inner\"><div class=\"gg_main_img_wrap\"><div class=\"gg_img_wrap_inner\"><img decoding=\"async\" src=\"\" data-gg-lazy-src=\"https:\/\/kefotostudi.com\/wp-content\/plugins\/global-gallery\/classes\/timthumb.php?src=https:\/\/kefotostudi.com\/wp-content\/uploads\/2023\/07\/15.jpg&amp;w=706&amp;h=0&amp;a=c&amp;q=90&amp;zc=1&amp;cc=FFFFFF\" alt=\"\" class=\"gg_photo gg_main_thumb\" \/><noscript><img decoding=\"async\" src=\"https:\/\/kefotostudi.com\/wp-content\/uploads\/2023\/07\/15.jpg\" alt=\"\" \/><\/noscript><\/div><\/div><div class=\"gg_overlays\"><\/div><\/div><\/div><div class=\"gg_img \" data-gg-url=\"https:\/\/kefotostudi.com\/wp-content\/uploads\/2023\/07\/06-1.jpg\" data-gg-title=\"\" data-gg-author=\"\" data-gg-descr=\"\" data-gg-tags=\"\" data-img-id=\"1\" data-gid=\"1295\">  <div class=\"gg_img_inner\"><div class=\"gg_main_img_wrap\"><div class=\"gg_img_wrap_inner\"><img decoding=\"async\" src=\"\" data-gg-lazy-src=\"https:\/\/kefotostudi.com\/wp-content\/plugins\/global-gallery\/classes\/timthumb.php?src=https:\/\/kefotostudi.com\/wp-content\/uploads\/2023\/07\/06-1.jpg&amp;w=706&amp;h=0&amp;a=c&amp;q=90&amp;zc=1&amp;cc=FFFFFF\" alt=\"\" class=\"gg_photo gg_main_thumb\" \/><noscript><img decoding=\"async\" src=\"https:\/\/kefotostudi.com\/wp-content\/uploads\/2023\/07\/06-1.jpg\" alt=\"\" \/><\/noscript><\/div><\/div><div class=\"gg_overlays\"><\/div><\/div><\/div><div class=\"gg_img \" data-gg-url=\"https:\/\/kefotostudi.com\/wp-content\/uploads\/2023\/07\/16.jpg\" data-gg-title=\"\" data-gg-author=\"\" data-gg-descr=\"\" data-gg-tags=\"\" data-img-id=\"2\" data-gid=\"1295\">  <div class=\"gg_img_inner\"><div class=\"gg_main_img_wrap\"><div class=\"gg_img_wrap_inner\"><img decoding=\"async\" src=\"\" data-gg-lazy-src=\"https:\/\/kefotostudi.com\/wp-content\/plugins\/global-gallery\/classes\/timthumb.php?src=https:\/\/kefotostudi.com\/wp-content\/uploads\/2023\/07\/16.jpg&amp;w=706&amp;h=0&amp;a=c&amp;q=90&amp;zc=1&amp;cc=FFFFFF\" alt=\"\" class=\"gg_photo gg_main_thumb\" \/><noscript><img decoding=\"async\" src=\"https:\/\/kefotostudi.com\/wp-content\/uploads\/2023\/07\/16.jpg\" alt=\"\" \/><\/noscript><\/div><\/div><div class=\"gg_overlays\"><\/div><\/div><\/div><div class=\"gg_img \" data-gg-url=\"https:\/\/kefotostudi.com\/wp-content\/uploads\/2023\/07\/10-1.jpg\" data-gg-title=\"\" data-gg-author=\"\" data-gg-descr=\"\" data-gg-tags=\"\" data-img-id=\"3\" data-gid=\"1295\">  <div class=\"gg_img_inner\"><div class=\"gg_main_img_wrap\"><div class=\"gg_img_wrap_inner\"><img decoding=\"async\" src=\"\" data-gg-lazy-src=\"https:\/\/kefotostudi.com\/wp-content\/plugins\/global-gallery\/classes\/timthumb.php?src=https:\/\/kefotostudi.com\/wp-content\/uploads\/2023\/07\/10-1.jpg&amp;w=706&amp;h=0&amp;a=c&amp;q=90&amp;zc=1&amp;cc=FFFFFF\" alt=\"\" class=\"gg_photo gg_main_thumb\" \/><noscript><img decoding=\"async\" src=\"https:\/\/kefotostudi.com\/wp-content\/uploads\/2023\/07\/10-1.jpg\" alt=\"\" \/><\/noscript><\/div><\/div><div class=\"gg_overlays\"><\/div><\/div><\/div><div class=\"gg_img \" data-gg-url=\"https:\/\/kefotostudi.com\/wp-content\/uploads\/2023\/07\/43.jpg\" data-gg-title=\"\" data-gg-author=\"\" data-gg-descr=\"\" data-gg-tags=\"\" data-img-id=\"4\" data-gid=\"1295\">  <div class=\"gg_img_inner\"><div class=\"gg_main_img_wrap\"><div class=\"gg_img_wrap_inner\"><img decoding=\"async\" src=\"\" data-gg-lazy-src=\"https:\/\/kefotostudi.com\/wp-content\/plugins\/global-gallery\/classes\/timthumb.php?src=https:\/\/kefotostudi.com\/wp-content\/uploads\/2023\/07\/43.jpg&amp;w=706&amp;h=0&amp;a=c&amp;q=90&amp;zc=1&amp;cc=FFFFFF\" alt=\"\" class=\"gg_photo gg_main_thumb\" \/><noscript><img decoding=\"async\" src=\"https:\/\/kefotostudi.com\/wp-content\/uploads\/2023\/07\/43.jpg\" alt=\"\" \/><\/noscript><\/div><\/div><div class=\"gg_overlays\"><\/div><\/div><\/div><div class=\"gg_img \" data-gg-url=\"https:\/\/kefotostudi.com\/wp-content\/uploads\/2023\/07\/89.jpg\" data-gg-title=\"\" data-gg-author=\"\" data-gg-descr=\"\" data-gg-tags=\"\" data-img-id=\"5\" data-gid=\"1295\">  <div class=\"gg_img_inner\"><div class=\"gg_main_img_wrap\"><div class=\"gg_img_wrap_inner\"><img decoding=\"async\" src=\"\" data-gg-lazy-src=\"https:\/\/kefotostudi.com\/wp-content\/plugins\/global-gallery\/classes\/timthumb.php?src=https:\/\/kefotostudi.com\/wp-content\/uploads\/2023\/07\/89.jpg&amp;w=706&amp;h=0&amp;a=c&amp;q=90&amp;zc=1&amp;cc=FFFFFF\" alt=\"\" class=\"gg_photo gg_main_thumb\" \/><noscript><img decoding=\"async\" src=\"https:\/\/kefotostudi.com\/wp-content\/uploads\/2023\/07\/89.jpg\" alt=\"\" \/><\/noscript><\/div><\/div><div class=\"gg_overlays\"><\/div><\/div><\/div><div class=\"gg_img \" data-gg-url=\"https:\/\/kefotostudi.com\/wp-content\/uploads\/2023\/07\/22-1.jpg\" data-gg-title=\"\" data-gg-author=\"\" data-gg-descr=\"\" data-gg-tags=\"\" data-img-id=\"6\" data-gid=\"1295\">  <div class=\"gg_img_inner\"><div class=\"gg_main_img_wrap\"><div class=\"gg_img_wrap_inner\"><img decoding=\"async\" src=\"\" data-gg-lazy-src=\"https:\/\/kefotostudi.com\/wp-content\/plugins\/global-gallery\/classes\/timthumb.php?src=https:\/\/kefotostudi.com\/wp-content\/uploads\/2023\/07\/22-1.jpg&amp;w=706&amp;h=0&amp;a=c&amp;q=90&amp;zc=1&amp;cc=FFFFFF\" alt=\"\" class=\"gg_photo gg_main_thumb\" \/><noscript><img decoding=\"async\" src=\"https:\/\/kefotostudi.com\/wp-content\/uploads\/2023\/07\/22-1.jpg\" alt=\"\" \/><\/noscript><\/div><\/div><div class=\"gg_overlays\"><\/div><\/div><\/div><div class=\"gg_img \" data-gg-url=\"https:\/\/kefotostudi.com\/wp-content\/uploads\/2023\/07\/08-1.jpg\" data-gg-title=\"\" data-gg-author=\"\" data-gg-descr=\"\" data-gg-tags=\"\" data-img-id=\"7\" data-gid=\"1295\">  <div class=\"gg_img_inner\"><div class=\"gg_main_img_wrap\"><div class=\"gg_img_wrap_inner\"><img decoding=\"async\" src=\"\" data-gg-lazy-src=\"https:\/\/kefotostudi.com\/wp-content\/plugins\/global-gallery\/classes\/timthumb.php?src=https:\/\/kefotostudi.com\/wp-content\/uploads\/2023\/07\/08-1.jpg&amp;w=706&amp;h=0&amp;a=c&amp;q=90&amp;zc=1&amp;cc=FFFFFF\" alt=\"\" class=\"gg_photo gg_main_thumb\" \/><noscript><img decoding=\"async\" src=\"https:\/\/kefotostudi.com\/wp-content\/uploads\/2023\/07\/08-1.jpg\" alt=\"\" \/><\/noscript><\/div><\/div><div class=\"gg_overlays\"><\/div><\/div><\/div><div class=\"gg_img \" data-gg-url=\"https:\/\/kefotostudi.com\/wp-content\/uploads\/2023\/07\/24.jpg\" data-gg-title=\"\" data-gg-author=\"\" data-gg-descr=\"\" data-gg-tags=\"\" data-img-id=\"8\" data-gid=\"1295\">  <div class=\"gg_img_inner\"><div class=\"gg_main_img_wrap\"><div class=\"gg_img_wrap_inner\"><img decoding=\"async\" src=\"\" data-gg-lazy-src=\"https:\/\/kefotostudi.com\/wp-content\/plugins\/global-gallery\/classes\/timthumb.php?src=https:\/\/kefotostudi.com\/wp-content\/uploads\/2023\/07\/24.jpg&amp;w=706&amp;h=0&amp;a=c&amp;q=90&amp;zc=1&amp;cc=FFFFFF\" alt=\"\" class=\"gg_photo gg_main_thumb\" \/><noscript><img decoding=\"async\" src=\"https:\/\/kefotostudi.com\/wp-content\/uploads\/2023\/07\/24.jpg\" alt=\"\" \/><\/noscript><\/div><\/div><div class=\"gg_overlays\"><\/div><\/div><\/div><div class=\"gg_img \" data-gg-url=\"https:\/\/kefotostudi.com\/wp-content\/uploads\/2023\/07\/09.jpg\" data-gg-title=\"\" data-gg-author=\"\" data-gg-descr=\"\" data-gg-tags=\"\" data-img-id=\"9\" data-gid=\"1295\">  <div class=\"gg_img_inner\"><div class=\"gg_main_img_wrap\"><div class=\"gg_img_wrap_inner\"><img decoding=\"async\" src=\"\" data-gg-lazy-src=\"https:\/\/kefotostudi.com\/wp-content\/plugins\/global-gallery\/classes\/timthumb.php?src=https:\/\/kefotostudi.com\/wp-content\/uploads\/2023\/07\/09.jpg&amp;w=706&amp;h=0&amp;a=c&amp;q=90&amp;zc=1&amp;cc=FFFFFF\" alt=\"\" class=\"gg_photo gg_main_thumb\" \/><noscript><img decoding=\"async\" src=\"https:\/\/kefotostudi.com\/wp-content\/uploads\/2023\/07\/09.jpg\" alt=\"\" \/><\/noscript><\/div><\/div><div class=\"gg_overlays\"><\/div><\/div><\/div><div class=\"gg_img \" data-gg-url=\"https:\/\/kefotostudi.com\/wp-content\/uploads\/2023\/07\/23.jpg\" data-gg-title=\"\" data-gg-author=\"\" data-gg-descr=\"\" data-gg-tags=\"\" data-img-id=\"10\" data-gid=\"1295\">  <div class=\"gg_img_inner\"><div class=\"gg_main_img_wrap\"><div class=\"gg_img_wrap_inner\"><img decoding=\"async\" src=\"\" data-gg-lazy-src=\"https:\/\/kefotostudi.com\/wp-content\/plugins\/global-gallery\/classes\/timthumb.php?src=https:\/\/kefotostudi.com\/wp-content\/uploads\/2023\/07\/23.jpg&amp;w=706&amp;h=0&amp;a=c&amp;q=90&amp;zc=1&amp;cc=FFFFFF\" alt=\"\" class=\"gg_photo gg_main_thumb\" \/><noscript><img decoding=\"async\" src=\"https:\/\/kefotostudi.com\/wp-content\/uploads\/2023\/07\/23.jpg\" alt=\"\" \/><\/noscript><\/div><\/div><div class=\"gg_overlays\"><\/div><\/div><\/div><div class=\"gg_img \" data-gg-url=\"https:\/\/kefotostudi.com\/wp-content\/uploads\/2023\/07\/25.jpg\" data-gg-title=\"\" data-gg-author=\"\" data-gg-descr=\"\" data-gg-tags=\"\" data-img-id=\"11\" data-gid=\"1295\">  <div class=\"gg_img_inner\"><div class=\"gg_main_img_wrap\"><div class=\"gg_img_wrap_inner\"><img decoding=\"async\" src=\"\" data-gg-lazy-src=\"https:\/\/kefotostudi.com\/wp-content\/plugins\/global-gallery\/classes\/timthumb.php?src=https:\/\/kefotostudi.com\/wp-content\/uploads\/2023\/07\/25.jpg&amp;w=706&amp;h=0&amp;a=c&amp;q=90&amp;zc=1&amp;cc=FFFFFF\" alt=\"\" class=\"gg_photo gg_main_thumb\" \/><noscript><img decoding=\"async\" src=\"https:\/\/kefotostudi.com\/wp-content\/uploads\/2023\/07\/25.jpg\" alt=\"\" \/><\/noscript><\/div><\/div><div class=\"gg_overlays\"><\/div><\/div><\/div><div class=\"gg_img \" data-gg-url=\"https:\/\/kefotostudi.com\/wp-content\/uploads\/2023\/07\/20-1.jpg\" data-gg-title=\"\" data-gg-author=\"\" data-gg-descr=\"\" data-gg-tags=\"\" data-img-id=\"12\" data-gid=\"1295\">  <div class=\"gg_img_inner\"><div class=\"gg_main_img_wrap\"><div class=\"gg_img_wrap_inner\"><img decoding=\"async\" src=\"\" data-gg-lazy-src=\"https:\/\/kefotostudi.com\/wp-content\/plugins\/global-gallery\/classes\/timthumb.php?src=https:\/\/kefotostudi.com\/wp-content\/uploads\/2023\/07\/20-1.jpg&amp;w=706&amp;h=0&amp;a=c&amp;q=90&amp;zc=1&amp;cc=FFFFFF\" alt=\"\" class=\"gg_photo gg_main_thumb\" \/><noscript><img decoding=\"async\" src=\"https:\/\/kefotostudi.com\/wp-content\/uploads\/2023\/07\/20-1.jpg\" alt=\"\" \/><\/noscript><\/div><\/div><div class=\"gg_overlays\"><\/div><\/div><\/div><div class=\"gg_img \" data-gg-url=\"https:\/\/kefotostudi.com\/wp-content\/uploads\/2023\/07\/04.jpg\" data-gg-title=\"\" data-gg-author=\"\" data-gg-descr=\"\" data-gg-tags=\"\" data-img-id=\"13\" data-gid=\"1295\">  <div class=\"gg_img_inner\"><div class=\"gg_main_img_wrap\"><div class=\"gg_img_wrap_inner\"><img decoding=\"async\" src=\"\" data-gg-lazy-src=\"https:\/\/kefotostudi.com\/wp-content\/plugins\/global-gallery\/classes\/timthumb.php?src=https:\/\/kefotostudi.com\/wp-content\/uploads\/2023\/07\/04.jpg&amp;w=706&amp;h=0&amp;a=c&amp;q=90&amp;zc=1&amp;cc=FFFFFF\" alt=\"\" class=\"gg_photo gg_main_thumb\" \/><noscript><img decoding=\"async\" src=\"https:\/\/kefotostudi.com\/wp-content\/uploads\/2023\/07\/04.jpg\" alt=\"\" \/><\/noscript><\/div><\/div><div class=\"gg_overlays\"><\/div><\/div><\/div><div class=\"gg_img \" data-gg-url=\"https:\/\/kefotostudi.com\/wp-content\/uploads\/2023\/07\/421.jpg\" data-gg-title=\"\" data-gg-author=\"\" data-gg-descr=\"\" data-gg-tags=\"\" data-img-id=\"14\" data-gid=\"1295\">  <div class=\"gg_img_inner\"><div class=\"gg_main_img_wrap\"><div class=\"gg_img_wrap_inner\"><img decoding=\"async\" src=\"\" data-gg-lazy-src=\"https:\/\/kefotostudi.com\/wp-content\/plugins\/global-gallery\/classes\/timthumb.php?src=https:\/\/kefotostudi.com\/wp-content\/uploads\/2023\/07\/421.jpg&amp;w=706&amp;h=0&amp;a=c&amp;q=90&amp;zc=1&amp;cc=FFFFFF\" alt=\"\" class=\"gg_photo gg_main_thumb\" \/><noscript><img decoding=\"async\" src=\"https:\/\/kefotostudi.com\/wp-content\/uploads\/2023\/07\/421.jpg\" alt=\"\" \/><\/noscript><\/div><\/div><div class=\"gg_overlays\"><\/div><\/div><\/div><div class=\"gg_img \" data-gg-url=\"https:\/\/kefotostudi.com\/wp-content\/uploads\/2023\/07\/03.jpg\" data-gg-title=\"\" data-gg-author=\"\" data-gg-descr=\"\" data-gg-tags=\"\" data-img-id=\"15\" data-gid=\"1295\">  <div class=\"gg_img_inner\"><div class=\"gg_main_img_wrap\"><div class=\"gg_img_wrap_inner\"><img decoding=\"async\" src=\"\" data-gg-lazy-src=\"https:\/\/kefotostudi.com\/wp-content\/plugins\/global-gallery\/classes\/timthumb.php?src=https:\/\/kefotostudi.com\/wp-content\/uploads\/2023\/07\/03.jpg&amp;w=706&amp;h=0&amp;a=c&amp;q=90&amp;zc=1&amp;cc=FFFFFF\" alt=\"\" class=\"gg_photo gg_main_thumb\" \/><noscript><img decoding=\"async\" src=\"https:\/\/kefotostudi.com\/wp-content\/uploads\/2023\/07\/03.jpg\" alt=\"\" \/><\/noscript><\/div><\/div><div class=\"gg_overlays\"><\/div><\/div><\/div><div class=\"gg_img \" data-gg-url=\"https:\/\/kefotostudi.com\/wp-content\/uploads\/2023\/07\/21-1.jpg\" data-gg-title=\"\" data-gg-author=\"\" data-gg-descr=\"\" data-gg-tags=\"\" data-img-id=\"16\" data-gid=\"1295\">  <div class=\"gg_img_inner\"><div class=\"gg_main_img_wrap\"><div class=\"gg_img_wrap_inner\"><img decoding=\"async\" src=\"\" data-gg-lazy-src=\"https:\/\/kefotostudi.com\/wp-content\/plugins\/global-gallery\/classes\/timthumb.php?src=https:\/\/kefotostudi.com\/wp-content\/uploads\/2023\/07\/21-1.jpg&amp;w=706&amp;h=0&amp;a=c&amp;q=90&amp;zc=1&amp;cc=FFFFFF\" alt=\"\" class=\"gg_photo gg_main_thumb\" \/><noscript><img decoding=\"async\" src=\"https:\/\/kefotostudi.com\/wp-content\/uploads\/2023\/07\/21-1.jpg\" alt=\"\" \/><\/noscript><\/div><\/div><div class=\"gg_overlays\"><\/div><\/div><\/div><\/div><div style=\"clear: both;\"><\/div><\/div><script type=\"text\/javascript\">     (function() {         \"use strict\";              const intval = setInterval(() => {            if(typeof(jQuery) == \"undefined\" || typeof(gg_galleries_init) == \"undefined\") {                return true;            }            else {                clearTimeout(intval);                            const $ = jQuery;                gg_galleries_init(\"69e18b484af98\");            }        }, 50);    })();<\/script>\t\t\t\t<\/div>\n\t\t\t\t<\/div>\n\t\t\t\t\t<\/div>\n\t\t<\/div>\n\t\t\t\t\t<\/div>\n\t\t<\/section>\n\t\t\t\t<section class=\"elementor-section elementor-top-section elementor-element elementor-element-6b451c75 elementor-section-boxed elementor-section-height-default elementor-section-height-default\" data-id=\"6b451c75\" data-element_type=\"section\" data-settings=\"{&quot;background_background&quot;:&quot;classic&quot;}\">\n\t\t\t\t\t\t\t<div class=\"elementor-background-overlay\"><\/div>\n\t\t\t\t\t\t\t<div class=\"elementor-container elementor-column-gap-default\">\n\t\t\t\t\t<div class=\"elementor-column elementor-col-100 elementor-top-column elementor-element elementor-element-24fd6eb2\" data-id=\"24fd6eb2\" data-element_type=\"column\">\n\t\t\t<div class=\"elementor-widget-wrap elementor-element-populated\">\n\t\t\t\t\t\t<div class=\"elementor-element elementor-element-226a7592 elementor-widget elementor-widget-elementskit-heading\" data-id=\"226a7592\" data-element_type=\"widget\" data-settings=\"{&quot;ekit_we_effect_on&quot;:&quot;none&quot;}\" data-widget_type=\"elementskit-heading.default\">\n\t\t\t\t<div class=\"elementor-widget-container\">\n\t\t\t\t\t<div class=\"ekit-wid-con\" ><div class=\"ekit-heading elementskit-section-title-wraper text_center   ekit_heading_tablet-   ekit_heading_mobile-\"><h2 class=\"ekit-heading--title elementskit-section-title \">Immortalitza els moments especials amb la nostra fotografia familiar<\/h2>\t\t\t\t<div class='ekit-heading__description'>\n\t\t\t\t\t<p>Descobreix el nostre servei de fotografia familiar i crea records duradors amb els teus \u00e9ssers estimats. Capturem somriures, abra\u00e7ades i moments espontanis que t'acompanyaran tota la vida. Contacta'ns i reserva la teva sessi\u00f3 ara!<\/p>\n\t\t\t\t<\/div>\n\t\t\t<\/div><\/div>\t\t\t\t<\/div>\n\t\t\t\t<\/div>\n\t\t\t\t<div class=\"elementor-element elementor-element-318066c elementor-align-center elementor-widget elementor-widget-button\" data-id=\"318066c\" data-element_type=\"widget\" data-settings=\"{&quot;ekit_we_effect_on&quot;:&quot;none&quot;}\" data-widget_type=\"button.default\">\n\t\t\t\t<div class=\"elementor-widget-container\">\n\t\t\t\t\t\t\t\t\t<div class=\"elementor-button-wrapper\">\n\t\t\t\t\t<a class=\"elementor-button elementor-button-link elementor-size-sm\" href=\"https:\/\/kefotostudi.com\/ca\/contacte\/\">\n\t\t\t\t\t\t<span class=\"elementor-button-content-wrapper\">\n\t\t\t\t\t\t\t\t\t<span class=\"elementor-button-text\">Contacta'ns<\/span>\n\t\t\t\t\t<\/span>\n\t\t\t\t\t<\/a>\n\t\t\t\t<\/div>\n\t\t\t\t\t\t\t\t<\/div>\n\t\t\t\t<\/div>\n\t\t\t\t\t<\/div>\n\t\t<\/div>\n\t\t\t\t\t<\/div>\n\t\t<\/section>\n\t\t\t\t<\/div>\n\t\t","protected":false},"excerpt":{"rendered":"<p>Familiar, Juvenil i nadons Capturant moments preciosos per a tota la fam\u00edlia! El nostre servei de fotografia familiar, juvenil i nadons s&#8217;especialitza en capturar la bellesa i l&#8217;ess\u00e8ncia de cada etapa de la vida. Des de les rialles i entremaliadures dels m\u00e9s petits fins als lla\u00e7os afectius entre pares i fills, immortalitzem records que duraran [&hellip;]<\/p>\n","protected":false},"author":1,"featured_media":0,"parent":1800,"menu_order":0,"comment_status":"closed","ping_status":"closed","template":"elementor_header_footer","meta":{"footnotes":""},"class_list":["post-1838","page","type-page","status-publish","hentry"],"_links":{"self":[{"href":"https:\/\/kefotostudi.com\/ca\/wp-json\/wp\/v2\/pages\/1838","targetHints":{"allow":["GET"]}}],"collection":[{"href":"https:\/\/kefotostudi.com\/ca\/wp-json\/wp\/v2\/pages"}],"about":[{"href":"https:\/\/kefotostudi.com\/ca\/wp-json\/wp\/v2\/types\/page"}],"author":[{"embeddable":true,"href":"https:\/\/kefotostudi.com\/ca\/wp-json\/wp\/v2\/users\/1"}],"replies":[{"embeddable":true,"href":"https:\/\/kefotostudi.com\/ca\/wp-json\/wp\/v2\/comments?post=1838"}],"version-history":[{"count":1,"href":"https:\/\/kefotostudi.com\/ca\/wp-json\/wp\/v2\/pages\/1838\/revisions"}],"predecessor-version":[{"id":1839,"href":"https:\/\/kefotostudi.com\/ca\/wp-json\/wp\/v2\/pages\/1838\/revisions\/1839"}],"up":[{"embeddable":true,"href":"https:\/\/kefotostudi.com\/ca\/wp-json\/wp\/v2\/pages\/1800"}],"wp:attachment":[{"href":"https:\/\/kefotostudi.com\/ca\/wp-json\/wp\/v2\/media?parent=1838"}],"curies":[{"name":"wp","href":"https:\/\/api.w.org\/{rel}","templated":true}]}}