{"id":1797,"date":"2023-06-13T11:08:15","date_gmt":"2023-06-13T11:08:15","guid":{"rendered":"https:\/\/kefotostudi.com\/qui-som\/"},"modified":"2023-07-19T17:42:24","modified_gmt":"2023-07-19T17:42:24","slug":"qui-som","status":"publish","type":"page","link":"https:\/\/kefotostudi.com\/ca\/qui-som\/","title":{"rendered":"Qui som"},"content":{"rendered":"\t\t<div data-elementor-type=\"wp-page\" data-elementor-id=\"1797\" class=\"elementor elementor-1797 elementor-190\" data-elementor-post-type=\"page\">\n\t\t\t\t\t\t<section class=\"elementor-section elementor-top-section elementor-element elementor-element-206ecf4 elementor-section-full_width elementor-section-stretched elementor-section-height-default elementor-section-height-default\" data-id=\"206ecf4\" data-element_type=\"section\" data-settings=\"{&quot;stretch_section&quot;:&quot;section-stretched&quot;,&quot;background_background&quot;:&quot;classic&quot;}\">\n\t\t\t\t\t\t\t<div class=\"elementor-background-overlay\"><\/div>\n\t\t\t\t\t\t\t<div class=\"elementor-container elementor-column-gap-default\">\n\t\t\t\t\t<div class=\"elementor-column elementor-col-100 elementor-top-column elementor-element elementor-element-f5ecb87\" data-id=\"f5ecb87\" data-element_type=\"column\">\n\t\t\t<div class=\"elementor-widget-wrap elementor-element-populated\">\n\t\t\t\t\t\t<div class=\"elementor-element elementor-element-9e099d9 elementor-widget elementor-widget-heading\" data-id=\"9e099d9\" data-element_type=\"widget\" data-settings=\"{&quot;ekit_we_effect_on&quot;:&quot;none&quot;}\" data-widget_type=\"heading.default\">\n\t\t\t\t<div class=\"elementor-widget-container\">\n\t\t\t\t\t<h2 class=\"elementor-heading-title elementor-size-default\">Qui som<\/h2>\t\t\t\t<\/div>\n\t\t\t\t<\/div>\n\t\t\t\t\t<\/div>\n\t\t<\/div>\n\t\t\t\t\t<\/div>\n\t\t<\/section>\n\t\t\t\t<section class=\"elementor-section elementor-top-section elementor-element elementor-element-de97b9d elementor-section-full_width elementor-section-stretched elementor-section-height-default elementor-section-height-default\" data-id=\"de97b9d\" data-element_type=\"section\" data-settings=\"{&quot;stretch_section&quot;:&quot;section-stretched&quot;}\">\n\t\t\t\t\t\t<div class=\"elementor-container elementor-column-gap-default\">\n\t\t\t\t\t<div class=\"elementor-column elementor-col-100 elementor-top-column elementor-element elementor-element-07224e0\" data-id=\"07224e0\" data-element_type=\"column\">\n\t\t\t<div class=\"elementor-widget-wrap elementor-element-populated\">\n\t\t\t\t\t\t<div class=\"elementor-element elementor-element-96463d2 elementor-widget elementor-widget-text-editor\" data-id=\"96463d2\" data-element_type=\"widget\" data-settings=\"{&quot;ekit_we_effect_on&quot;:&quot;none&quot;}\" data-widget_type=\"text-editor.default\">\n\t\t\t\t<div class=\"elementor-widget-container\">\n\t\t\t\t\t\t\t\t\t<p>Amb una traject\u00f2ria de 17 anys a l&#8217;apassionant m\u00f3n de la fotografia, a Ke Foto Studi ens destaquem pel nostre comprom\u00eds amb l&#8217;excel\u00b7l\u00e8ncia i la passi\u00f3 per capturar moments \u00fanics. Som especialistes en fotografia social, abastant casaments, comunions, batejos, sessions de retrats, fotografia de mascotes i m\u00e9s. A m\u00e9s, oferim serveis de fotografia d\u00b4empresa, cobrint necessitats corporatives, industrials i esdeveniments especials.<\/p>\n\t\t\t\t\t\t\t\t<\/div>\n\t\t\t\t<\/div>\n\t\t\t\t\t<\/div>\n\t\t<\/div>\n\t\t\t\t\t<\/div>\n\t\t<\/section>\n\t\t\t\t<section class=\"elementor-section elementor-top-section elementor-element elementor-element-3aadec83 elementor-section-full_width elementor-section-stretched elementor-section-height-default elementor-section-height-default\" data-id=\"3aadec83\" data-element_type=\"section\" data-settings=\"{&quot;stretch_section&quot;:&quot;section-stretched&quot;}\">\n\t\t\t\t\t\t<div class=\"elementor-container elementor-column-gap-default\">\n\t\t\t\t\t<div class=\"elementor-column elementor-col-50 elementor-top-column elementor-element elementor-element-e98a060\" data-id=\"e98a060\" data-element_type=\"column\">\n\t\t\t<div class=\"elementor-widget-wrap elementor-element-populated\">\n\t\t\t\t\t\t<div class=\"elementor-element elementor-element-98d7ce6 elementor-widget elementor-widget-image\" data-id=\"98d7ce6\" data-element_type=\"widget\" data-settings=\"{&quot;ekit_we_effect_on&quot;:&quot;none&quot;}\" data-widget_type=\"image.default\">\n\t\t\t\t<div class=\"elementor-widget-container\">\n\t\t\t\t\t\t\t\t\t\t\t\t\t\t\t<img fetchpriority=\"high\" decoding=\"async\" width=\"225\" height=\"225\" src=\"https:\/\/kefotostudi.com\/wp-content\/uploads\/2023\/06\/imae.jpeg\" class=\"attachment-large size-large wp-image-207\" alt=\"\" srcset=\"https:\/\/kefotostudi.com\/wp-content\/uploads\/2023\/06\/imae.jpeg 225w, https:\/\/kefotostudi.com\/wp-content\/uploads\/2023\/06\/imae-150x150.jpeg 150w\" sizes=\"(max-width: 225px) 100vw, 225px\" \/>\t\t\t\t\t\t\t\t\t\t\t\t\t\t\t<\/div>\n\t\t\t\t<\/div>\n\t\t\t\t<div class=\"elementor-element elementor-element-76f1b626 elementor-widget elementor-widget-text-editor\" data-id=\"76f1b626\" data-element_type=\"widget\" data-settings=\"{&quot;ekit_we_effect_on&quot;:&quot;none&quot;}\" data-widget_type=\"text-editor.default\">\n\t\t\t\t<div class=\"elementor-widget-container\">\n\t\t\t\t\t\t\t\t\t<p>El nostre enfocament es basa a crear imatges que transmetin emocions i expliquin hist\u00f2ries, cercant sempre l&#8217;originalitat i la innovaci\u00f3, sense deixar de banda l&#8217;ess\u00e8ncia i la naturalitat de cada moment. A Ke Foto Studi, ens enorgulleix de ser testimonis i c\u00f2mplices dels teus records m\u00e9s preciosos, capturant cada detall amb un estil propi i personalitzat.<\/p>\n\t\t\t\t\t\t\t\t<\/div>\n\t\t\t\t<\/div>\n\t\t\t\t<div class=\"elementor-element elementor-element-5fe41dec e-grid-align-left e-grid-align-mobile-center e-grid-align-tablet-center elementor-shape-rounded elementor-grid-0 elementor-widget elementor-widget-social-icons\" data-id=\"5fe41dec\" data-element_type=\"widget\" data-settings=\"{&quot;ekit_we_effect_on&quot;:&quot;none&quot;}\" data-widget_type=\"social-icons.default\">\n\t\t\t\t<div class=\"elementor-widget-container\">\n\t\t\t\t\t\t\t<div class=\"elementor-social-icons-wrapper elementor-grid\" role=\"list\">\n\t\t\t\t\t\t\t<span class=\"elementor-grid-item\" role=\"listitem\">\n\t\t\t\t\t<a class=\"elementor-icon elementor-social-icon elementor-social-icon-facebook elementor-repeater-item-b48c496\" href=\"https:\/\/www.facebook.com\/kefotostudi\" target=\"_blank\">\n\t\t\t\t\t\t<span class=\"elementor-screen-only\">Facebook<\/span>\n\t\t\t\t\t\t<i class=\"fab fa-facebook\"><\/i>\t\t\t\t\t<\/a>\n\t\t\t\t<\/span>\n\t\t\t\t\t\t\t<span class=\"elementor-grid-item\" role=\"listitem\">\n\t\t\t\t\t<a class=\"elementor-icon elementor-social-icon elementor-social-icon-instagram elementor-repeater-item-9ebc555\" href=\"https:\/\/www.instagram.com\/kefotostudi\/?hl=es\" target=\"_blank\">\n\t\t\t\t\t\t<span class=\"elementor-screen-only\">Instagram<\/span>\n\t\t\t\t\t\t<i class=\"fab fa-instagram\"><\/i>\t\t\t\t\t<\/a>\n\t\t\t\t<\/span>\n\t\t\t\t\t\t\t<span class=\"elementor-grid-item\" role=\"listitem\">\n\t\t\t\t\t<a class=\"elementor-icon elementor-social-icon elementor-social-icon-blogger-b elementor-repeater-item-2269801\" href=\"https:\/\/xekefoto.blogspot.com\/\" target=\"_blank\">\n\t\t\t\t\t\t<span class=\"elementor-screen-only\">Blogger-b<\/span>\n\t\t\t\t\t\t<i class=\"fab fa-blogger-b\"><\/i>\t\t\t\t\t<\/a>\n\t\t\t\t<\/span>\n\t\t\t\t\t<\/div>\n\t\t\t\t\t\t<\/div>\n\t\t\t\t<\/div>\n\t\t\t\t\t<\/div>\n\t\t<\/div>\n\t\t\t\t<div class=\"elementor-column elementor-col-50 elementor-top-column elementor-element elementor-element-79e21706\" data-id=\"79e21706\" data-element_type=\"column\">\n\t\t\t<div class=\"elementor-widget-wrap elementor-element-populated\">\n\t\t\t\t\t\t<div class=\"elementor-element elementor-element-33ac17a0 e-transform elementor-widget__width-initial elementor-invisible elementor-widget elementor-widget-image\" data-id=\"33ac17a0\" data-element_type=\"widget\" data-settings=\"{&quot;_animation&quot;:&quot;fadeInUp&quot;,&quot;_transform_rotateZ_effect&quot;:{&quot;unit&quot;:&quot;px&quot;,&quot;size&quot;:-3,&quot;sizes&quot;:[]},&quot;ekit_we_effect_on&quot;:&quot;none&quot;,&quot;_transform_rotateZ_effect_tablet&quot;:{&quot;unit&quot;:&quot;deg&quot;,&quot;size&quot;:&quot;&quot;,&quot;sizes&quot;:[]},&quot;_transform_rotateZ_effect_mobile&quot;:{&quot;unit&quot;:&quot;deg&quot;,&quot;size&quot;:&quot;&quot;,&quot;sizes&quot;:[]}}\" data-widget_type=\"image.default\">\n\t\t\t\t<div class=\"elementor-widget-container\">\n\t\t\t\t\t\t\t\t\t\t\t\t\t\t\t<img decoding=\"async\" width=\"1920\" height=\"1280\" src=\"https:\/\/kefotostudi.com\/wp-content\/uploads\/2023\/06\/candid-authentic-happy-passionate-couple-in-casual.jpg\" class=\"attachment-full size-full wp-image-194\" alt=\"\" srcset=\"https:\/\/kefotostudi.com\/wp-content\/uploads\/2023\/06\/candid-authentic-happy-passionate-couple-in-casual.jpg 1920w, https:\/\/kefotostudi.com\/wp-content\/uploads\/2023\/06\/candid-authentic-happy-passionate-couple-in-casual-300x200.jpg 300w, https:\/\/kefotostudi.com\/wp-content\/uploads\/2023\/06\/candid-authentic-happy-passionate-couple-in-casual-1024x683.jpg 1024w, https:\/\/kefotostudi.com\/wp-content\/uploads\/2023\/06\/candid-authentic-happy-passionate-couple-in-casual-768x512.jpg 768w, https:\/\/kefotostudi.com\/wp-content\/uploads\/2023\/06\/candid-authentic-happy-passionate-couple-in-casual-1536x1024.jpg 1536w\" sizes=\"(max-width: 1920px) 100vw, 1920px\" \/>\t\t\t\t\t\t\t\t\t\t\t\t\t\t\t<\/div>\n\t\t\t\t<\/div>\n\t\t\t\t\t<\/div>\n\t\t<\/div>\n\t\t\t\t\t<\/div>\n\t\t<\/section>\n\t\t\t\t<section class=\"elementor-section elementor-top-section elementor-element elementor-element-2ac389ae elementor-section-boxed elementor-section-height-default elementor-section-height-default\" data-id=\"2ac389ae\" data-element_type=\"section\" data-settings=\"{&quot;background_background&quot;:&quot;classic&quot;}\">\n\t\t\t\t\t\t\t<div class=\"elementor-background-overlay\"><\/div>\n\t\t\t\t\t\t\t<div class=\"elementor-container elementor-column-gap-default\">\n\t\t\t\t\t<div class=\"elementor-column elementor-col-100 elementor-top-column elementor-element elementor-element-174fe60b\" data-id=\"174fe60b\" data-element_type=\"column\">\n\t\t\t<div class=\"elementor-widget-wrap elementor-element-populated\">\n\t\t\t\t\t\t<div class=\"elementor-element elementor-element-301ec1b4 elementor-widget elementor-widget-elementskit-heading\" data-id=\"301ec1b4\" data-element_type=\"widget\" data-settings=\"{&quot;ekit_we_effect_on&quot;:&quot;none&quot;}\" data-widget_type=\"elementskit-heading.default\">\n\t\t\t\t<div class=\"elementor-widget-container\">\n\t\t\t\t\t<div class=\"ekit-wid-con\" ><div class=\"ekit-heading elementskit-section-title-wraper text_center   ekit_heading_tablet-   ekit_heading_mobile-\"><h2 class=\"ekit-heading--title elementskit-section-title \">Immortalitza la teva hist\u00f2ria d'amor<br>Contracta el nostre servei de fotografia de casaments!<\/h2>\t\t\t\t<div class='ekit-heading__description'>\n\t\t\t\t\t<p>Est\u00e0s buscant capturar cada moment m\u00e0gic del teu casament? El nostre equip de fot\u00f2grafs experts est\u00e0 llest per fer-ho realitat. Amb un enfocament professional i creatiu, us oferim imatges emotives i atemporals que us permetran reviure cada emoci\u00f3 del vostre dia especial. Contacta'ns ara i crea records per a tota la vida!<\/p>\n\t\t\t\t<\/div>\n\t\t\t<\/div><\/div>\t\t\t\t<\/div>\n\t\t\t\t<\/div>\n\t\t\t\t<div class=\"elementor-element elementor-element-3fcfcd68 elementor-align-center elementor-widget elementor-widget-button\" data-id=\"3fcfcd68\" data-element_type=\"widget\" data-settings=\"{&quot;ekit_we_effect_on&quot;:&quot;none&quot;}\" data-widget_type=\"button.default\">\n\t\t\t\t<div class=\"elementor-widget-container\">\n\t\t\t\t\t\t\t\t\t<div class=\"elementor-button-wrapper\">\n\t\t\t\t\t<a class=\"elementor-button elementor-button-link elementor-size-sm\" href=\"https:\/\/kefotostudi.com\/contacto\/\">\n\t\t\t\t\t\t<span class=\"elementor-button-content-wrapper\">\n\t\t\t\t\t\t\t\t\t<span class=\"elementor-button-text\">Contacta'ns<\/span>\n\t\t\t\t\t<\/span>\n\t\t\t\t\t<\/a>\n\t\t\t\t<\/div>\n\t\t\t\t\t\t\t\t<\/div>\n\t\t\t\t<\/div>\n\t\t\t\t\t<\/div>\n\t\t<\/div>\n\t\t\t\t\t<\/div>\n\t\t<\/section>\n\t\t\t\t<\/div>\n\t\t","protected":false},"excerpt":{"rendered":"<p>Qui som Amb una traject\u00f2ria de 17 anys a l&#8217;apassionant m\u00f3n de la fotografia, a Ke Foto Studi ens destaquem pel nostre comprom\u00eds amb l&#8217;excel\u00b7l\u00e8ncia i la passi\u00f3 per capturar moments \u00fanics. Som especialistes en fotografia social, abastant casaments, comunions, batejos, sessions de retrats, fotografia de mascotes i m\u00e9s. A m\u00e9s, oferim serveis de fotografia [&hellip;]<\/p>\n","protected":false},"author":1,"featured_media":0,"parent":0,"menu_order":0,"comment_status":"closed","ping_status":"closed","template":"elementor_header_footer","meta":{"footnotes":""},"class_list":["post-1797","page","type-page","status-publish","hentry"],"_links":{"self":[{"href":"https:\/\/kefotostudi.com\/ca\/wp-json\/wp\/v2\/pages\/1797","targetHints":{"allow":["GET"]}}],"collection":[{"href":"https:\/\/kefotostudi.com\/ca\/wp-json\/wp\/v2\/pages"}],"about":[{"href":"https:\/\/kefotostudi.com\/ca\/wp-json\/wp\/v2\/types\/page"}],"author":[{"embeddable":true,"href":"https:\/\/kefotostudi.com\/ca\/wp-json\/wp\/v2\/users\/1"}],"replies":[{"embeddable":true,"href":"https:\/\/kefotostudi.com\/ca\/wp-json\/wp\/v2\/comments?post=1797"}],"version-history":[{"count":2,"href":"https:\/\/kefotostudi.com\/ca\/wp-json\/wp\/v2\/pages\/1797\/revisions"}],"predecessor-version":[{"id":1799,"href":"https:\/\/kefotostudi.com\/ca\/wp-json\/wp\/v2\/pages\/1797\/revisions\/1799"}],"wp:attachment":[{"href":"https:\/\/kefotostudi.com\/ca\/wp-json\/wp\/v2\/media?parent=1797"}],"curies":[{"name":"wp","href":"https:\/\/api.w.org\/{rel}","templated":true}]}}